{"id":61,"date":"2021-04-03T11:42:59","date_gmt":"2021-04-03T09:42:59","guid":{"rendered":"https:\/\/girodev.ch\/wp\/?page_id=61"},"modified":"2021-04-09T15:18:08","modified_gmt":"2021-04-09T13:18:08","slug":"bienvenue","status":"publish","type":"page","link":"https:\/\/ps2.ecolemoser.ch\/wp\/","title":{"rendered":"Bienvenue"},"content":{"rendered":"\t\t<div data-elementor-type=\"wp-page\" data-elementor-id=\"61\" class=\"elementor elementor-61\">\n\t\t\t\t\t\t<section class=\"elementor-section elementor-top-section elementor-element elementor-element-8569aa4 elementor-section-boxed elementor-section-height-default elementor-section-height-default\" data-id=\"8569aa4\" data-element_type=\"section\">\n\t\t\t\t\t\t<div class=\"elementor-container elementor-column-gap-default\">\n\t\t\t\t\t<div class=\"elementor-column elementor-col-100 elementor-top-column elementor-element elementor-element-f0a7622\" data-id=\"f0a7622\" data-element_type=\"column\">\n\t\t\t<div class=\"elementor-widget-wrap elementor-element-populated\">\n\t\t\t\t\t\t<div class=\"elementor-element elementor-element-8d72a8b elementor-widget-divider--view-line elementor-widget elementor-widget-divider\" data-id=\"8d72a8b\" data-element_type=\"widget\" data-widget_type=\"divider.default\">\n\t\t\t\t<div class=\"elementor-widget-container\">\n\t\t\t\t\t\t\t<div class=\"elementor-divider\">\n\t\t\t<span class=\"elementor-divider-separator\">\n\t\t\t\t\t\t<\/span>\n\t\t<\/div>\n\t\t\t\t\t\t<\/div>\n\t\t\t\t<\/div>\n\t\t\t\t\t<\/div>\n\t\t<\/div>\n\t\t\t\t\t<\/div>\n\t\t<\/section>\n\t\t\t\t<section class=\"elementor-section elementor-top-section elementor-element elementor-element-8ee5260 elementor-section-boxed elementor-section-height-default elementor-section-height-default\" data-id=\"8ee5260\" data-element_type=\"section\">\n\t\t\t\t\t\t<div class=\"elementor-container elementor-column-gap-default\">\n\t\t\t\t\t<div class=\"elementor-column elementor-col-100 elementor-top-column elementor-element elementor-element-95d201c\" data-id=\"95d201c\" data-element_type=\"column\">\n\t\t\t<div class=\"elementor-widget-wrap elementor-element-populated\">\n\t\t\t\t\t\t<div class=\"elementor-element elementor-element-014f1bb elementor-widget elementor-widget-spacer\" data-id=\"014f1bb\" data-element_type=\"widget\" data-widget_type=\"spacer.default\">\n\t\t\t\t<div class=\"elementor-widget-container\">\n\t\t\t\t\t\t\t<div class=\"elementor-spacer\">\n\t\t\t<div class=\"elementor-spacer-inner\"><\/div>\n\t\t<\/div>\n\t\t\t\t\t\t<\/div>\n\t\t\t\t<\/div>\n\t\t\t\t\t<\/div>\n\t\t<\/div>\n\t\t\t\t\t<\/div>\n\t\t<\/section>\n\t\t\t\t<section class=\"elementor-section elementor-top-section elementor-element elementor-element-2428fe9 elementor-section-boxed elementor-section-height-default elementor-section-height-default\" data-id=\"2428fe9\" data-element_type=\"section\">\n\t\t\t\t\t\t<div class=\"elementor-container elementor-column-gap-default\">\n\t\t\t\t\t<div class=\"elementor-column elementor-col-100 elementor-top-column elementor-element elementor-element-04d3d97\" data-id=\"04d3d97\" data-element_type=\"column\">\n\t\t\t<div class=\"elementor-widget-wrap elementor-element-populated\">\n\t\t\t\t\t\t<div class=\"elementor-element elementor-element-35e21d4 animated-fast elementor-invisible elementor-widget elementor-widget-shortcode\" data-id=\"35e21d4\" data-element_type=\"widget\" data-settings=\"{&quot;_animation&quot;:&quot;fadeInDown&quot;}\" data-widget_type=\"shortcode.default\">\n\t\t\t\t<div class=\"elementor-widget-container\">\n\t\t\t\t\t\t\t<div class=\"elementor-shortcode\"><div class=\"sub5\" style=\"text-align: center;\"><table class=\"minimal\">\r\n\t\t\t\t\t<tr>\r\n\t\t\t\t\t<td>\t\r\n\t\t\t\t\t<span style='font-size:1.2em;'>Bonjour, la plateforme PS2 a \u00e9t\u00e9 mise \u00e0 jour. <br><br><br><br>Merci d'y acc\u00e9der en cliquant ici : <br><br><b><a href='https:\/\/ps2.ecolemoser.ch\/ps2'>https:\/\/ps2.ecolemoser.ch<\/a><\/b>\r\n\t\t\t\t\t\r\n\t\t\t\t\t<\/span><br><br>\r\n\t\t\t\t\t\t\r\n\t\t\t\t\t\t\t    <div>\r\n        <style>\r\n            .wpo365-mssignin-wrapper {\r\n                box-sizing: border-box;\r\n                display: block;\r\n                width: 100%;\r\n                padding: 12px 12px 24px 12px;\r\n                text-align: center;\r\n            }\r\n            .wpo365-mssignin-spacearound {\r\n                display: inline-block;\r\n            }\r\n            .wpo365-mssignin-wrapper form {\r\n                display: none;\r\n            }\r\n            .wpo365-mssignin-button {\r\n                border: 1px solid #8c8c8c;\r\n                background: #ffffff;\r\n                display: flex;\r\n                display: -webkit-box;\r\n                display: -moz-box;\r\n                display: -webkit-flex;\r\n                display: -ms-flexbox;\r\n                -webkit-box-align: center;\r\n                -moz-box-align: center;\r\n                -ms-flex-align: center;\r\n                -webkit-align-items: center;\r\n                align-items: center;\r\n                -webkit-box-pack: center;\r\n                -moz-box-pack: center;\r\n                -ms-flex-pack: center;\r\n                -webkit-justify-content: center;\r\n                justify-content: center;\r\n                cursor: pointer;\r\n                max-height: 41px;\r\n                min-height: 41px;\r\n                height: 41px;\r\n            }\r\n            .wpo365-mssignin-logo {\r\n                padding-left: 12px;\r\n                padding-right: 6px;\r\n                -webkit-flex-shrink: 1;\r\n                -moz-flex-shrink: 1;\r\n                flex-shrink: 1;\r\n                width: 21px;\r\n                height: 21px;\r\n                box-sizing: content-box;\r\n                display: flex;\r\n                display: -webkit-box;\r\n                display: -moz-box;\r\n                display: -webkit-flex;\r\n                display: -ms-flexbox;\r\n                -webkit-box-pack: center;\r\n                -moz-box-pack: center;\r\n                -ms-flex-pack: center;\r\n                -webkit-justify-content: center;\r\n                justify-content: center;\r\n            }\r\n            .wpo365-mssignin-label {\r\n                padding-left: 6px;\r\n                padding-right: 12px;\r\n                font-weight: 600;\r\n                color: #5e5e5e;\r\n                font-family: \"Segoe UI\", Frutiger, \"Frutiger Linotype\", \"Dejavu Sans\", \"Helvetica Neue\", Arial, sans-serif;\r\n                font-size: 15px;\r\n                -webkit-flex-shrink: 1;\r\n                -moz-flex-shrink: 1;\r\n                flex-shrink: 1;\r\n                height: 21px;\r\n                line-height: 21px;\r\n            }\r\n\r\n        <\/style>\r\n\t\t<!--\r\n        <div id=\"wpo365OpenIdRedirect\" class=\"wpo365-mssignin-wrapper\">\r\n            <div class=\"wpo365-mssignin-spacearound\">\r\n                <div class=\"wpo365-mssignin-button\" onclick=\"window.wpo365.pintraRedirect.toMsOnline()\">\r\n                    <div class=\"wpo365-mssignin-logo\">\r\n                        <svg xmlns=\"http:\/\/www.w3.org\/2000\/svg\" width=\"21\" height=\"21\" viewBox=\"0 0 21 21\">\r\n                            <title>MS-SymbolLockup<\/title>\r\n                            <rect x=\"1\" y=\"1\" width=\"9\" height=\"9\" fill=\"#f25022\"\/>\r\n                            <rect x=\"1\" y=\"11\" width=\"9\" height=\"9\" fill=\"#00a4ef\"\/>\r\n                            <rect x=\"11\" y=\"1\" width=\"9\" height=\"9\" fill=\"#7fba00\"\/>\r\n                            <rect x=\"11\" y=\"11\" width=\"9\" height=\"9\" fill=\"#ffb900\"\/>\r\n                        <\/svg>\r\n                    <\/div>\r\n                    <div class=\"wpo365-mssignin-label\">Se connecter<\/div>\r\n                <\/div>\r\n            <\/div>\r\n\t\t\t-->\r\n        <\/div>\r\n\t\t\t<br><br>\r\n<span style='font-size:1.2em;'><!--<b><font color=\"red\">INFO : Les inscriptions pour les groupes de sport ont \u00e9t\u00e9 repouss\u00e9es au <u>mardi 7 septembre \u00e0 18h<\/u>. Merci pour votre compr\u00e9hension.<\/font><\/b><\/span> <br><br>-->\r\n\t\t\t\r\n\t\t\t\r\n                      <!-- <form method=\"post\" action=\"\/wp\/?login\">\r\n            \t\t  <input type=\"Submit\" class=\"btn-bleu\" value=\"Connexion\"\/>\r\n          \t\t\t  <\/form>-->\r\n\t\t\t\t\t<\/td>\r\n\t\t\t\t\t<\/tr>\r\n\t\t\t\t\t<!--<tr>\r\n\t\t\t\t\t<td>\r\n\t<span style='font-size:1.2em;'>En cas de besoin d'un nouveau mot de passe, <a href='\/wp\/?page_id=1195'>cliquez ici<\/a><\/span>.                      <form method=\"post\" action=\"\/wp\/?page_id=1195\">\r\n            \t\t  <input type=\"Submit\" class=\"btn-bleu\" value=\"Demander un nouveau mot de passe\"\/>\r\n          \t\t\t  <\/form>\r\n\t\t\t\t\t<\/td>\r\n\t\t\t\t\t<\/tr>-->\r\n\t\t\r\n\t\t<tr><td><span style='font-size:1.2em;'><\/span><\/td><\/tr>\r\n\t\t\r\n\t\t\r\n\t\t\r\n\t\t\t\t\t<\/table>\r\n\t\t\r\n\t\t\t\r\n<\/div>\r\n\r\n<script type='text\/javascript' src='https:\/\/ps2.ecolemoser.ch\/wp\/wp-content\/plugins\/wpo365-login\/apps\/dist\/pintra-redirect.js?ver=13.0' id='pintraredirectjs-js'><\/script>\r\n    <script>\r\n        window.wpo365 = window.wpo365 || {};\r\n                    window.wpo365.siteUrl = 'https:\/\/ps2.ecolemoser.ch\/wp\/';\r\n            <\/script><\/div>\n\t\t\t\t\t\t<\/div>\n\t\t\t\t<\/div>\n\t\t\t\t\t<\/div>\n\t\t<\/div>\n\t\t\t\t\t<\/div>\n\t\t<\/section>\n\t\t\t\t<\/div>\n\t\t","protected":false},"excerpt":{"rendered":"","protected":false},"author":1,"featured_media":0,"parent":0,"menu_order":0,"comment_status":"closed","ping_status":"closed","template":"","meta":{"footnotes":""},"class_list":["post-61","page","type-page","status-publish","hentry"],"_links":{"self":[{"href":"https:\/\/ps2.ecolemoser.ch\/wp\/index.php?rest_route=\/wp\/v2\/pages\/61","targetHints":{"allow":["GET"]}}],"collection":[{"href":"https:\/\/ps2.ecolemoser.ch\/wp\/index.php?rest_route=\/wp\/v2\/pages"}],"about":[{"href":"https:\/\/ps2.ecolemoser.ch\/wp\/index.php?rest_route=\/wp\/v2\/types\/page"}],"author":[{"embeddable":true,"href":"https:\/\/ps2.ecolemoser.ch\/wp\/index.php?rest_route=\/wp\/v2\/users\/1"}],"replies":[{"embeddable":true,"href":"https:\/\/ps2.ecolemoser.ch\/wp\/index.php?rest_route=%2Fwp%2Fv2%2Fcomments&post=61"}],"version-history":[{"count":0,"href":"https:\/\/ps2.ecolemoser.ch\/wp\/index.php?rest_route=\/wp\/v2\/pages\/61\/revisions"}],"wp:attachment":[{"href":"https:\/\/ps2.ecolemoser.ch\/wp\/index.php?rest_route=%2Fwp%2Fv2%2Fmedia&parent=61"}],"curies":[{"name":"wp","href":"https:\/\/api.w.org\/{rel}","templated":true}]}}